{"id":392,"date":"2021-08-14T17:39:31","date_gmt":"2021-08-14T15:39:31","guid":{"rendered":"https:\/\/www.barisic.eu\/?page_id=392"},"modified":"2021-09-01T13:22:40","modified_gmt":"2021-09-01T11:22:40","slug":"home","status":"publish","type":"page","link":"https:\/\/www.barisic.eu\/de\/","title":{"rendered":"Home"},"content":{"rendered":"\n<p class=\"justify-text\">Mein Name ist Mario Bari\u0161i\u0107 und ich stehe Ihnen sehr gerne jederzeit in allen Belangen betreffend die Buchhaltung, Bilanzierung, Kostenrechnung, Lohnverrechnung und Weiterem zur Verf\u00fcgung. Diese Leistungen darf ich Ihnen sowohl in der deutschen als auch englischen und kroatischen\/bosnischen\/serbischen Sprache anbieten. Durch meine langj\u00e4hrige Erfahrung in der Betreuung von Unternehmen und Organisationen verschiedenster Gr\u00f6\u00dfen, bin ich der ideale Partner um Ihre Aufgaben und Probleme schnell und unkompliziert zu l\u00f6sen.<\/p>\n\n\n\n<p class=\"justify-text\">Z\u00f6gern Sie nicht und kontaktieren Sie mich f\u00fcr ein unverbindliches und kostenloses Erstgespr\u00e4ch.<\/p>\n\n\n\n<div style=\"height:25px\" aria-hidden=\"true\" class=\"wp-block-spacer\"><\/div>\n\n\n\n<p><\/p>\n\n\n\n<h2 class=\"alignwide has-text-align-center poravnaj o-meni wp-block-heading\">\u00dcber mich<\/h2>\n\n\n\n<div class=\"wp-block-columns wp-block-column is-layout-flex wp-container-core-columns-layout-1 wp-block-columns-is-layout-flex\">\n<div class=\"wp-block-media-text alignwide is-stacked-on-mobile is-vertically-aligned-top\" style=\"grid-template-columns:33% auto\"><figure class=\"wp-block-media-text__media\"><img decoding=\"async\" src=\"https:\/\/www.barisic.eu\/wp-content\/uploads\/2021\/08\/Mario-Barisic-683x1024.jpg\" alt=\"Mario Barisic\" class=\"wp-image-758 size-large\"\/><\/figure><div class=\"wp-block-media-text__content\">\n<p class=\"has-normal-font-size\"><strong>Pers\u00f6nliches<\/strong><\/p>\n\n\n\n<p>1987 in Wien geboren<br>verheiratet &amp; 3 Kinder<br>Technik, IT &amp; DIY interessiert<\/p>\n\n\n\n<p><\/p>\n\n\n\n<p class=\"has-normal-font-size\"><strong>Berufserfahrung<\/strong><\/p>\n\n\n\n<p class=\"has-normal-font-size\">6 Jahre Buchhalter in der IT &amp; Elektronikbranche<br>3 Jahre Bilanzbuchhalter f\u00fcr versch. Branchen in einer mittelgro\u00dfen Steuerberatungskanzlei<br>Seit 2016 Leiter Buchhaltung &amp; Zahlungsverkehr f\u00fcr eine K\u00f6R im Non-Profit-Bereich<br>Seit 2018 selbstst\u00e4ndiger Bilanzbuchhalter<\/p>\n\n\n\n<p class=\"has-normal-font-size\"><strong>Aus- und Weiterbildungen<\/strong><\/p>\n\n\n\n<p class=\"has-normal-font-size\">05\/2007 Matura<span data-mce-type=\"bookmark\" id=\"mce_1_start\" data-mce-style=\"overflow:hidden;line-height:0px\" style=\"overflow:hidden;line-height:0px\"> HAK Donaustadt<br>06\/2013 Bilanzbuchhalterpr\u00fcfung<br>07\/2014 Personalverrechnerpr\u00fcfung<br>09\/2014 \u00f6ffentlich bestellter Bilanzbuchhalter<br>2019 F\u00fchrungskr\u00e4fteseminar&nbsp;<\/span><\/p>\n<\/div><\/div>\n<\/div>\n\n\n\n<p><!-- \/wp:columns --><\/p>","protected":false},"excerpt":{"rendered":"<p>Mein Name ist Mario Bari\u0161i\u0107 und ich stehe Ihnen sehr gerne jederzeit in allen Belangen betreffend die Buchhaltung, Bilanzierung, Kostenrechnung, Lohnverrechnung und Weiterem zur Verf\u00fcgung.<\/p>\n","protected":false},"author":2,"featured_media":0,"parent":0,"menu_order":0,"comment_status":"closed","ping_status":"closed","template":"","meta":{"footnotes":""},"_links":{"self":[{"href":"https:\/\/www.barisic.eu\/de\/wp-json\/wp\/v2\/pages\/392"}],"collection":[{"href":"https:\/\/www.barisic.eu\/de\/wp-json\/wp\/v2\/pages"}],"about":[{"href":"https:\/\/www.barisic.eu\/de\/wp-json\/wp\/v2\/types\/page"}],"author":[{"embeddable":true,"href":"https:\/\/www.barisic.eu\/de\/wp-json\/wp\/v2\/users\/2"}],"replies":[{"embeddable":true,"href":"https:\/\/www.barisic.eu\/de\/wp-json\/wp\/v2\/comments?post=392"}],"version-history":[{"count":0,"href":"https:\/\/www.barisic.eu\/de\/wp-json\/wp\/v2\/pages\/392\/revisions"}],"wp:attachment":[{"href":"https:\/\/www.barisic.eu\/de\/wp-json\/wp\/v2\/media?parent=392"}],"curies":[{"name":"wp","href":"https:\/\/api.w.org\/{rel}","templated":true}]}}